{"id":3876,"date":"2023-10-11T18:46:44","date_gmt":"2023-10-11T18:46:44","guid":{"rendered":"https:\/\/curlingpro.ca\/year-2-curriculum-club-pro\/"},"modified":"2025-06-02T20:19:57","modified_gmt":"2025-06-02T20:19:57","slug":"programme-de-la-2e-annee-professionnel-de-club","status":"publish","type":"page","link":"http:\/\/curlingpro.ca\/fr\/programme-de-la-2e-annee-professionnel-de-club\/","title":{"rendered":"Programme de la 2e ann\u00e9e (professionnel de club)"},"content":{"rendered":"<div class=\"wpb-content-wrapper\"><p>[vc_row row_content_width=\u00a0\u00bbgrid\u00a0\u00bb][vc_column][vc_empty_space height=\u00a0\u00bb50px\u00a0\u00bb]<div class=\"eltdf-accordion-holder eltdf-ac-default  eltdf-toggle eltdf-ac-boxed  clearfix\">\n\t<h5 class=\"eltdf-accordion-title\">\n\t<span class=\"eltdf-tab-title\">Cours en ligne (novembre \u00e0 mars)<\/span>\n<\/h5>\n<div class=\"eltdf-accordion-content\">\n\t<div class=\"eltdf-accordion-content-inner\">\n\t\t[vc_column_text css=\u00a0\u00bb\u00a0\u00bb]<b>Finances du club<\/b><\/p>\n<p><span style=\"font-weight: 400;\">Ce cours couvre les comp\u00e9tences essentielles en gestion financi\u00e8re que tous les professionnels de club doivent ma\u00eetriser. Les candidats d\u00e9couvriront la budg\u00e9tisation, la g\u00e9n\u00e9ration de revenus, le contr\u00f4le des d\u00e9penses, les comptes-rendus financiers et la planification financi\u00e8re \u00e0 long terme.<\/span><span style=\"font-weight: 400;\">\u00a0Instructeur : Bobby Ray.<\/span><\/p>\n<p>&nbsp;<\/p>\n<p><b>Exploitation du club<\/b><\/p>\n<p><span style=\"font-weight: 400;\">Ce cours donne un aper\u00e7u d\u00e9taill\u00e9 des diverses op\u00e9rations du club que tous les professionnels de club doivent comprendre. Les candidats apprendront \u00e0 superviser op\u00e9rations li\u00e9es \u00e0 la glace et aux pierres, \u00e0 la nourriture et aux boissons, ainsi qu&rsquo;\u00e0 la boutique du pro au seisn de leurs clubs.<\/span><span style=\"font-weight: 400;\">\u00a0Instructeur : Bobby Ray.<\/span><\/p>\n<p>&nbsp;<\/p>\n<p><b>Marketing du club\u00a0\u00a0<\/b><\/p>\n<p><span style=\"font-weight: 400;\">Ce cours met l&rsquo;accent sur une gamme de principes de marketing \u00e9prouv\u00e9s qui contribuent \u00e0 la prosp\u00e9rit\u00e9 d&rsquo;un club de curling. Les participants apprendront comment attirer de nouveaux curleurs, am\u00e9liorer leur implication et fid\u00e9liser les membres \u00e9tablis du club. Instructeur : Bobby Ray<\/span><\/p>\n<p>&nbsp;<\/p>\n<p><b>Programmation du club 2\u00a0<\/b><\/p>\n<p><span style=\"font-weight: 400;\">Ce cours s&rsquo;appuie sur les principes de programmation pr\u00e9sent\u00e9s dans le cours Programmation du club 1. Les candidats d\u00e9couvriront ensuite des pratiques exemplaires pour soutenir les curleurs des parcours Comp\u00e9titif et Voie d&rsquo;acc\u00e8s au podium de notre mod\u00e8le de DLTC.\u00a0<\/span><span style=\"font-weight: 400;\"> Instructeur: Rob Krepps<\/span><\/p>\n<p>&nbsp;<\/p>\n<p><b>Coordination du curling<\/b><\/p>\n<p><span style=\"font-weight: 400;\">Ce cours met l&rsquo;accent sur le con fonctionnement des ligues, des \u00e9v\u00e9nements et des possibilit\u00e9s de formation. Les candidats apprendront \u00e0 planifier, organiser, diriger et \u00e9valuer ces offres de mani\u00e8re efficace et efficiente. Instructeurs: Bobby Ray et Rob Krepps<\/span>[\/vc_column_text]\t<\/div>\n<\/div><h5 class=\"eltdf-accordion-title\">\n\t<span class=\"eltdf-tab-title\">Ateliers en ligne (avril et mai)<\/span>\n<\/h5>\n<div class=\"eltdf-accordion-content\">\n\t<div class=\"eltdf-accordion-content-inner\">\n\t\t[vc_column_text css=\u00a0\u00bb\u00a0\u00bb]<b>Ateliers pour professionnels de club<\/b><\/p>\n<p><span style=\"font-weight: 400;\">Ces ateliers en ligne synchrones offrent aux candidats l&rsquo;occasion d&rsquo;apprendre aupr\u00e8s de ma\u00eetres professionnels de l&rsquo;APC poss\u00e9dant une vaste exp\u00e9rience en gestion de club. Chaque atelier proposera des discussions et des activit\u00e9s ax\u00e9es sur des sujets s\u00e9lectionn\u00e9s. Instructeur: Bobby Ray, ma\u00eetre professionnel de l&rsquo;APC.<\/span><\/p>\n<p>&nbsp;<\/p>\n<p><b>Governance du club<\/b><\/p>\n<p><span style=\"font-weight: 400;\">Ce cours est dispens\u00e9 dans le cadre de nos ateliers pour professionnels de club. Parmi d&rsquo;autres activit\u00e9s li\u00e9es \u00e0 la gouvernance, les candidats apprendront \u00e0 \u00e9laborer un plan strat\u00e9gique con\u00e7u pour aider leur club \u00e0 conna\u00eetre davantage de succ\u00e8s dans l&rsquo;avenir.\u00a0 Instructeur : Bobby Ray<\/span><\/p>\n<p>[\/vc_column_text]\t<\/div>\n<\/div><h5 class=\"eltdf-accordion-title\">\n\t<span class=\"eltdf-tab-title\">\u00c9valuation en ligne<\/span>\n<\/h5>\n<div class=\"eltdf-accordion-content\">\n\t<div class=\"eltdf-accordion-content-inner\">\n\t\t[vc_column_text css=\u00a0\u00bb\u00a0\u00bb]<b>Projet de portfolio 2\u00a0<\/b><\/p>\n<p><span style=\"font-weight: 400;\">Ce projet exige des candidats qu&rsquo;ils documentent les principaux enseignements et les applications attendues de l&rsquo;ensemble de la formation pour professionnels de club dans un portfolio d&rsquo;apprentissage en ligne. Le portfolio d&rsquo;apprentissage de chaque candidat est ensuite examin\u00e9 par un panel de trois ma\u00eetres professionnels de l&rsquo;APC.\u00a0<\/span><\/p>\n<p>&nbsp;<\/p>\n<p><b>Planification de carri\u00e8re<\/b><\/p>\n<p><span style=\"font-weight: 400;\">Cette \u00e9tape commence par la r\u00e9daction d&rsquo;un CV de professionnel de club et d&rsquo;un plan de carri\u00e8re initial et leur soumission \u00e0 un panel de trois ma\u00eetres professionnels de l&rsquo;APC. Les candidats recevront ensuite des conseils sur leurs soumissions dans le cadre d&rsquo;une r\u00e9union en ligne.\u00a0<\/span>[\/vc_column_text]\t<\/div>\n<\/div><\/div>[vc_empty_space height=\u00a0\u00bb50px\u00a0\u00bb][\/vc_column][\/vc_row]<\/p>\n<\/div>","protected":false},"excerpt":{"rendered":"<p>[vc_row row_content_width=\u00a0\u00bbgrid\u00a0\u00bb][vc_column][vc_empty_space height=\u00a0\u00bb50px\u00a0\u00bb][vc_empty_space height=\u00a0\u00bb50px\u00a0\u00bb][\/vc_column][\/vc_row]<\/p>\n","protected":false},"author":1,"featured_media":0,"parent":0,"menu_order":0,"comment_status":"closed","ping_status":"closed","template":"full-width.php","meta":{"_bbp_topic_count":0,"_bbp_reply_count":0,"_bbp_total_topic_count":0,"_bbp_total_reply_count":0,"_bbp_voice_count":0,"_bbp_anonymous_reply_count":0,"_bbp_topic_count_hidden":0,"_bbp_reply_count_hidden":0,"_bbp_forum_subforum_count":0,"footnotes":""},"class_list":["post-3876","page","type-page","status-publish","hentry"],"yoast_head":"<!-- This site is optimized with the Yoast SEO plugin v27.2 - https:\/\/yoast.com\/product\/yoast-seo-wordpress\/ -->\n<title>Programme de la 2e ann\u00e9e (professionnel de club) - Curling Pro<\/title>\n<meta name=\"robots\" content=\"index, follow, max-snippet:-1, max-image-preview:large, max-video-preview:-1\" \/>\n<link rel=\"canonical\" href=\"https:\/\/curlingpro.ca\/fr\/programme-de-la-2e-annee-professionnel-de-club\/\" \/>\n<meta property=\"og:locale\" content=\"fr_FR\" \/>\n<meta property=\"og:type\" content=\"article\" \/>\n<meta property=\"og:title\" content=\"Programme de la 2e ann\u00e9e (professionnel de club) - Curling Pro\" \/>\n<meta property=\"og:description\" content=\"[vc_row row_content_width=\u00a0\u00bbgrid\u00a0\u00bb][vc_column][vc_empty_space height=\u00a0\u00bb50px\u00a0\u00bb][vc_empty_space height=\u00a0\u00bb50px\u00a0\u00bb][\/vc_column][\/vc_row]\" \/>\n<meta property=\"og:url\" content=\"https:\/\/curlingpro.ca\/fr\/programme-de-la-2e-annee-professionnel-de-club\/\" \/>\n<meta property=\"og:site_name\" content=\"Curling Pro\" \/>\n<meta property=\"article:publisher\" content=\"https:\/\/www.facebook.com\/curlingcanada\/\" \/>\n<meta property=\"article:modified_time\" content=\"2025-06-02T20:19:57+00:00\" \/>\n<meta property=\"og:image\" content=\"http:\/\/curlingpro.ca\/wp-content\/uploads\/2024\/04\/home_hero-1200x628-1.jpg\" \/>\n\t<meta property=\"og:image:width\" content=\"1200\" \/>\n\t<meta property=\"og:image:height\" content=\"628\" \/>\n\t<meta property=\"og:image:type\" content=\"image\/jpeg\" \/>\n<meta name=\"twitter:card\" content=\"summary_large_image\" \/>\n<meta name=\"twitter:label1\" content=\"Dur\u00e9e de lecture estim\u00e9e\" \/>\n\t<meta name=\"twitter:data1\" content=\"3 minutes\" \/>\n<script type=\"application\/ld+json\" class=\"yoast-schema-graph\">{\"@context\":\"https:\/\/schema.org\",\"@graph\":[{\"@type\":\"WebPage\",\"@id\":\"https:\/\/curlingpro.ca\/fr\/programme-de-la-2e-annee-professionnel-de-club\/\",\"url\":\"https:\/\/curlingpro.ca\/fr\/programme-de-la-2e-annee-professionnel-de-club\/\",\"name\":\"Programme de la 2e ann\u00e9e (professionnel de club) - Curling Pro\",\"isPartOf\":{\"@id\":\"https:\/\/curlingpro.ca\/#website\"},\"datePublished\":\"2023-10-11T18:46:44+00:00\",\"dateModified\":\"2025-06-02T20:19:57+00:00\",\"breadcrumb\":{\"@id\":\"https:\/\/curlingpro.ca\/fr\/programme-de-la-2e-annee-professionnel-de-club\/#breadcrumb\"},\"inLanguage\":\"fr-FR\",\"potentialAction\":[{\"@type\":\"ReadAction\",\"target\":[\"https:\/\/curlingpro.ca\/fr\/programme-de-la-2e-annee-professionnel-de-club\/\"]}]},{\"@type\":\"BreadcrumbList\",\"@id\":\"https:\/\/curlingpro.ca\/fr\/programme-de-la-2e-annee-professionnel-de-club\/#breadcrumb\",\"itemListElement\":[{\"@type\":\"ListItem\",\"position\":1,\"name\":\"Home\",\"item\":\"https:\/\/curlingpro.ca\/fr\/\"},{\"@type\":\"ListItem\",\"position\":2,\"name\":\"Programme de la 2e ann\u00e9e (professionnel de club)\"}]},{\"@type\":\"WebSite\",\"@id\":\"https:\/\/curlingpro.ca\/#website\",\"url\":\"https:\/\/curlingpro.ca\/\",\"name\":\"Curling Pro\",\"description\":\"Experts who are dedicated to advancing our sport\",\"publisher\":{\"@id\":\"https:\/\/curlingpro.ca\/#organization\"},\"potentialAction\":[{\"@type\":\"SearchAction\",\"target\":{\"@type\":\"EntryPoint\",\"urlTemplate\":\"https:\/\/curlingpro.ca\/?s={search_term_string}\"},\"query-input\":{\"@type\":\"PropertyValueSpecification\",\"valueRequired\":true,\"valueName\":\"search_term_string\"}}],\"inLanguage\":\"fr-FR\"},{\"@type\":\"Organization\",\"@id\":\"https:\/\/curlingpro.ca\/#organization\",\"name\":\"Curling Pro\",\"url\":\"https:\/\/curlingpro.ca\/\",\"logo\":{\"@type\":\"ImageObject\",\"inLanguage\":\"fr-FR\",\"@id\":\"https:\/\/curlingpro.ca\/#\/schema\/logo\/image\/\",\"url\":\"https:\/\/curlingpro.ca\/wp-content\/uploads\/2023\/10\/CC-ACP-FRENCH-logo-keyline-23.png\",\"contentUrl\":\"https:\/\/curlingpro.ca\/wp-content\/uploads\/2023\/10\/CC-ACP-FRENCH-logo-keyline-23.png\",\"width\":1000,\"height\":1000,\"caption\":\"Curling Pro\"},\"image\":{\"@id\":\"https:\/\/curlingpro.ca\/#\/schema\/logo\/image\/\"},\"sameAs\":[\"https:\/\/www.facebook.com\/curlingcanada\/\",\"https:\/\/www.youtube.com\/curlingcanada\",\"https:\/\/www.instagram.com\/curlingcanada\/\"]}]}<\/script>\n<!-- \/ Yoast SEO plugin. -->","yoast_head_json":{"title":"Programme de la 2e ann\u00e9e (professionnel de club) - Curling Pro","robots":{"index":"index","follow":"follow","max-snippet":"max-snippet:-1","max-image-preview":"max-image-preview:large","max-video-preview":"max-video-preview:-1"},"canonical":"https:\/\/curlingpro.ca\/fr\/programme-de-la-2e-annee-professionnel-de-club\/","og_locale":"fr_FR","og_type":"article","og_title":"Programme de la 2e ann\u00e9e (professionnel de club) - Curling Pro","og_description":"[vc_row row_content_width=\u00a0\u00bbgrid\u00a0\u00bb][vc_column][vc_empty_space height=\u00a0\u00bb50px\u00a0\u00bb][vc_empty_space height=\u00a0\u00bb50px\u00a0\u00bb][\/vc_column][\/vc_row]","og_url":"https:\/\/curlingpro.ca\/fr\/programme-de-la-2e-annee-professionnel-de-club\/","og_site_name":"Curling Pro","article_publisher":"https:\/\/www.facebook.com\/curlingcanada\/","article_modified_time":"2025-06-02T20:19:57+00:00","og_image":[{"width":1200,"height":628,"url":"http:\/\/curlingpro.ca\/wp-content\/uploads\/2024\/04\/home_hero-1200x628-1.jpg","type":"image\/jpeg"}],"twitter_card":"summary_large_image","twitter_misc":{"Dur\u00e9e de lecture estim\u00e9e":"3 minutes"},"schema":{"@context":"https:\/\/schema.org","@graph":[{"@type":"WebPage","@id":"https:\/\/curlingpro.ca\/fr\/programme-de-la-2e-annee-professionnel-de-club\/","url":"https:\/\/curlingpro.ca\/fr\/programme-de-la-2e-annee-professionnel-de-club\/","name":"Programme de la 2e ann\u00e9e (professionnel de club) - Curling Pro","isPartOf":{"@id":"https:\/\/curlingpro.ca\/#website"},"datePublished":"2023-10-11T18:46:44+00:00","dateModified":"2025-06-02T20:19:57+00:00","breadcrumb":{"@id":"https:\/\/curlingpro.ca\/fr\/programme-de-la-2e-annee-professionnel-de-club\/#breadcrumb"},"inLanguage":"fr-FR","potentialAction":[{"@type":"ReadAction","target":["https:\/\/curlingpro.ca\/fr\/programme-de-la-2e-annee-professionnel-de-club\/"]}]},{"@type":"BreadcrumbList","@id":"https:\/\/curlingpro.ca\/fr\/programme-de-la-2e-annee-professionnel-de-club\/#breadcrumb","itemListElement":[{"@type":"ListItem","position":1,"name":"Home","item":"https:\/\/curlingpro.ca\/fr\/"},{"@type":"ListItem","position":2,"name":"Programme de la 2e ann\u00e9e (professionnel de club)"}]},{"@type":"WebSite","@id":"https:\/\/curlingpro.ca\/#website","url":"https:\/\/curlingpro.ca\/","name":"Curling Pro","description":"Experts who are dedicated to advancing our sport","publisher":{"@id":"https:\/\/curlingpro.ca\/#organization"},"potentialAction":[{"@type":"SearchAction","target":{"@type":"EntryPoint","urlTemplate":"https:\/\/curlingpro.ca\/?s={search_term_string}"},"query-input":{"@type":"PropertyValueSpecification","valueRequired":true,"valueName":"search_term_string"}}],"inLanguage":"fr-FR"},{"@type":"Organization","@id":"https:\/\/curlingpro.ca\/#organization","name":"Curling Pro","url":"https:\/\/curlingpro.ca\/","logo":{"@type":"ImageObject","inLanguage":"fr-FR","@id":"https:\/\/curlingpro.ca\/#\/schema\/logo\/image\/","url":"https:\/\/curlingpro.ca\/wp-content\/uploads\/2023\/10\/CC-ACP-FRENCH-logo-keyline-23.png","contentUrl":"https:\/\/curlingpro.ca\/wp-content\/uploads\/2023\/10\/CC-ACP-FRENCH-logo-keyline-23.png","width":1000,"height":1000,"caption":"Curling Pro"},"image":{"@id":"https:\/\/curlingpro.ca\/#\/schema\/logo\/image\/"},"sameAs":["https:\/\/www.facebook.com\/curlingcanada\/","https:\/\/www.youtube.com\/curlingcanada","https:\/\/www.instagram.com\/curlingcanada\/"]}]}},"_links":{"self":[{"href":"http:\/\/curlingpro.ca\/fr\/wp-json\/wp\/v2\/pages\/3876","targetHints":{"allow":["GET"]}}],"collection":[{"href":"http:\/\/curlingpro.ca\/fr\/wp-json\/wp\/v2\/pages"}],"about":[{"href":"http:\/\/curlingpro.ca\/fr\/wp-json\/wp\/v2\/types\/page"}],"author":[{"embeddable":true,"href":"http:\/\/curlingpro.ca\/fr\/wp-json\/wp\/v2\/users\/1"}],"replies":[{"embeddable":true,"href":"http:\/\/curlingpro.ca\/fr\/wp-json\/wp\/v2\/comments?post=3876"}],"version-history":[{"count":5,"href":"http:\/\/curlingpro.ca\/fr\/wp-json\/wp\/v2\/pages\/3876\/revisions"}],"predecessor-version":[{"id":4341,"href":"http:\/\/curlingpro.ca\/fr\/wp-json\/wp\/v2\/pages\/3876\/revisions\/4341"}],"wp:attachment":[{"href":"http:\/\/curlingpro.ca\/fr\/wp-json\/wp\/v2\/media?parent=3876"}],"curies":[{"name":"wp","href":"https:\/\/api.w.org\/{rel}","templated":true}]}}