{"id":3890,"date":"2018-07-05T13:46:04","date_gmt":"2018-07-05T13:46:04","guid":{"rendered":"https:\/\/curlingpro.ca\/our-training\/"},"modified":"2025-06-02T19:04:16","modified_gmt":"2025-06-02T19:04:16","slug":"notre-formation","status":"publish","type":"page","link":"http:\/\/curlingpro.ca\/fr\/notre-formation\/","title":{"rendered":"Notre formation"},"content":{"rendered":"<div class=\"wpb-content-wrapper\"><p>[vc_row css=\u00a0\u00bb.vc_custom_1531732363131{padding-top: 40px !important;padding-bottom: 55px !important;}\u00a0\u00bb][vc_column][vc_column_text]<\/p>\n<h5 style=\"font-weight: 400;\">Nous proposons un programme de formation innovant de deux ans qui peut \u00eatre ais\u00e9ment g\u00e9r\u00e9 par des candidats ayant d&rsquo;autres engagements \u00e0 temps plein. La premi\u00e8re ann\u00e9e comprend une s\u00e9rie de cours de base en ligne, ainsi qu&rsquo;une fin de semaine de formation en personne aux multiples facettes. Cette formation m\u00e8ne \u00e0 l&rsquo;accr\u00e9ditation de professionnel associ\u00e9, qui permet aux membres de l\u2019APC de commencer leur carri\u00e8re tout en terminant leur formation.<\/h5>\n<h5 style=\"font-weight: 400;\">\u00c0 l\u2019amorce de la deuxi\u00e8me ann\u00e9e, les candidats choisissent entre les sp\u00e9cialisations professionnel de club et professionnel de l\u2019enseignement. Ces deux sp\u00e9cialisations comprennent une s\u00e9rie de cours avanc\u00e9s en ligne, ainsi qu&rsquo;une fin de semaine de formation en personne, dont le contenu est ax\u00e9 sur le contenu sp\u00e9cifique \u00e0 cette sp\u00e9cialisation.<\/h5>\n<p>[\/vc_column_text][vc_empty_space][vc_row_inner][vc_column_inner width=\u00a0\u00bb1\/2&Prime;]<div class=\"eltdf-section-title-holder  eltdf-st-standard eltdf-st-title-left eltdf-st-normal-space \" style=\"text-align: left\">\n\t<div class=\"eltdf-st-inner\">\n\t\t\t\t\t<h3 class=\"eltdf-st-title\" >\n\t\t\t\tSommaire de l'accr\u00e9ditation\t\t\t<\/h3>\n\t\t\t\t\t\t\t<div class=\"eltdf-separator-holder clearfix  eltdf-separator-left \">\n\t<div class=\"eltdf-separator\" style=\"border-color: #ed1741;width: 38px;border-bottom-width: 3px;margin-top: 23px;margin-bottom: 9px\"><\/div>\n<\/div>\n\t\t\t\t\t<\/div>\n<\/div>[vc_empty_space height=\u00a0\u00bb15px\u00a0\u00bb]<a itemprop=\"url\" href=\"\/fr\/sommaire-de-laccreditation-de-lapc\/\" target=\"_self\" style=\"color: #ffffff;background-color: #ed1741\" class=\"eltdf-btn eltdf-btn-medium eltdf-btn-solid eltdf-btn-custom-hover-bg eltdf-btn-custom-hover-color eltdf-btn-arrow\" data-hover-color=\"#ffffff\" data-hover-bg-color=\"#252525\" >\n    <span class=\"eltdf-btn-text\">EN SAVOIR PLUS<\/span>\n    <\/a>[\/vc_column_inner][vc_column_inner width=\u00a0\u00bb1\/2&Prime;]<div class=\"eltdf-section-title-holder  eltdf-st-standard eltdf-st-title-left eltdf-st-normal-space \" >\n\t<div class=\"eltdf-st-inner\">\n\t\t\t\t\t<h3 class=\"eltdf-st-title\" >\n\t\t\t\tProgramme d'\u00e9tudes professionnel associ\u00e9\t\t\t<\/h3>\n\t\t\t\t\t\t\t<div class=\"eltdf-separator-holder clearfix  eltdf-separator-left \">\n\t<div class=\"eltdf-separator\" style=\"border-color: #ed1741;width: 38px;border-bottom-width: 3px;margin-top: 23px;margin-bottom: 9px\"><\/div>\n<\/div>\n\t\t\t\t\t<\/div>\n<\/div>[vc_empty_space height=\u00a0\u00bb15px\u00a0\u00bb]<a itemprop=\"url\" href=\"\/fr\/programme-de-la-1ere-annee-professionnel-associe\/\" target=\"_self\" style=\"color: #ffffff;background-color: #ed1741\" class=\"eltdf-btn eltdf-btn-medium eltdf-btn-solid eltdf-btn-custom-hover-bg eltdf-btn-custom-hover-color eltdf-btn-arrow\" data-hover-color=\"#ffffff\" data-hover-bg-color=\"#252525\" >\n    <span class=\"eltdf-btn-text\">EN SAVOIR PLUS<\/span>\n    <\/a>[\/vc_column_inner][\/vc_row_inner][vc_empty_space height=\u00a0\u00bb50px\u00a0\u00bb][vc_row_inner][vc_column_inner width=\u00a0\u00bb1\/2&Prime;]<div class=\"eltdf-section-title-holder  eltdf-st-standard eltdf-st-title-left eltdf-st-normal-space \" >\n\t<div class=\"eltdf-st-inner\">\n\t\t\t\t\t<h3 class=\"eltdf-st-title\" >\n\t\t\t\tProgramme d'\u00e9tudes professionnel de club\t\t\t<\/h3>\n\t\t\t\t\t\t\t<div class=\"eltdf-separator-holder clearfix  eltdf-separator-left \">\n\t<div class=\"eltdf-separator\" style=\"border-color: #ed1741;width: 38px;border-bottom-width: 3px;margin-top: 23px;margin-bottom: 9px\"><\/div>\n<\/div>\n\t\t\t\t\t<\/div>\n<\/div>[vc_empty_space height=\u00a0\u00bb15px\u00a0\u00bb]<a itemprop=\"url\" href=\"\/fr\/programme-de-la-2e-annee-professionnel-de-club\/\" target=\"_self\" style=\"color: #ffffff;background-color: #ed1741\" class=\"eltdf-btn eltdf-btn-medium eltdf-btn-solid eltdf-btn-custom-hover-bg eltdf-btn-custom-hover-color eltdf-btn-arrow\" data-hover-color=\"#ffffff\" data-hover-bg-color=\"#252525\" >\n    <span class=\"eltdf-btn-text\">EN SAVOIR PLUS<\/span>\n    <\/a>[\/vc_column_inner][vc_column_inner width=\u00a0\u00bb1\/2&Prime;]<div class=\"eltdf-section-title-holder  eltdf-st-standard eltdf-st-title-left eltdf-st-normal-space \" >\n\t<div class=\"eltdf-st-inner\">\n\t\t\t\t\t<h3 class=\"eltdf-st-title\" >\n\t\t\t\tProgramme d'\u00e9tudes professionnel de l'enseignement\t\t\t<\/h3>\n\t\t\t\t\t\t\t<div class=\"eltdf-separator-holder clearfix  eltdf-separator-left \">\n\t<div class=\"eltdf-separator\" style=\"border-color: #ed1741;width: 38px;border-bottom-width: 3px;margin-top: 23px;margin-bottom: 9px\"><\/div>\n<\/div>\n\t\t\t\t\t<\/div>\n<\/div>[vc_empty_space height=\u00a0\u00bb15px\u00a0\u00bb]<a itemprop=\"url\" href=\"\/fr\/programme-de-la-2e-annee-professionnel-de-lenseignement\/\" target=\"_self\" style=\"color: #ffffff;background-color: #ed1741\" class=\"eltdf-btn eltdf-btn-medium eltdf-btn-solid eltdf-btn-custom-hover-bg eltdf-btn-custom-hover-color eltdf-btn-arrow\" data-hover-color=\"#ffffff\" data-hover-bg-color=\"#252525\" >\n    <span class=\"eltdf-btn-text\">EN SAVOIR PLUS<\/span>\n    <\/a>[\/vc_column_inner][\/vc_row_inner][\/vc_column][\/vc_row]<\/p>\n<\/div>","protected":false},"excerpt":{"rendered":"<p>[vc_row css=\u00a0\u00bb.vc_custom_1531732363131{padding-top: 40px !important;padding-bottom: 55px !important;}\u00a0\u00bb][vc_column][vc_column_text] Nous proposons un programme de formation innovant de deux ans qui peut \u00eatre ais\u00e9ment g\u00e9r\u00e9 par des candidats ayant d&rsquo;autres engagements \u00e0 temps plein. La premi\u00e8re ann\u00e9e comprend une s\u00e9rie de cours de base en ligne, ainsi qu&rsquo;une fin de semaine de formation en personne aux multiples facettes. Cette formation [&hellip;]<\/p>\n","protected":false},"author":1,"featured_media":0,"parent":0,"menu_order":0,"comment_status":"closed","ping_status":"closed","template":"","meta":{"_bbp_topic_count":0,"_bbp_reply_count":0,"_bbp_total_topic_count":0,"_bbp_total_reply_count":0,"_bbp_voice_count":0,"_bbp_anonymous_reply_count":0,"_bbp_topic_count_hidden":0,"_bbp_reply_count_hidden":0,"_bbp_forum_subforum_count":0,"footnotes":""},"class_list":["post-3890","page","type-page","status-publish","hentry"],"yoast_head":"<!-- This site is optimized with the Yoast SEO plugin v27.2 - https:\/\/yoast.com\/product\/yoast-seo-wordpress\/ -->\n<title>Notre formation - Curling Pro<\/title>\n<meta name=\"robots\" content=\"index, follow, max-snippet:-1, max-image-preview:large, max-video-preview:-1\" \/>\n<link rel=\"canonical\" href=\"https:\/\/curlingpro.ca\/fr\/notre-formation\/\" \/>\n<meta property=\"og:locale\" content=\"fr_FR\" \/>\n<meta property=\"og:type\" content=\"article\" \/>\n<meta property=\"og:title\" content=\"Notre formation - Curling Pro\" \/>\n<meta property=\"og:description\" content=\"[vc_row css=\u00a0\u00bb.vc_custom_1531732363131{padding-top: 40px !important;padding-bottom: 55px !important;}\u00a0\u00bb][vc_column][vc_column_text] Nous proposons un programme de formation innovant de deux ans qui peut \u00eatre ais\u00e9ment g\u00e9r\u00e9 par des candidats ayant d&rsquo;autres engagements \u00e0 temps plein. La premi\u00e8re ann\u00e9e comprend une s\u00e9rie de cours de base en ligne, ainsi qu&rsquo;une fin de semaine de formation en personne aux multiples facettes. Cette formation [&hellip;]\" \/>\n<meta property=\"og:url\" content=\"https:\/\/curlingpro.ca\/fr\/notre-formation\/\" \/>\n<meta property=\"og:site_name\" content=\"Curling Pro\" \/>\n<meta property=\"article:publisher\" content=\"https:\/\/www.facebook.com\/curlingcanada\/\" \/>\n<meta property=\"article:modified_time\" content=\"2025-06-02T19:04:16+00:00\" \/>\n<meta property=\"og:image\" content=\"http:\/\/curlingpro.ca\/wp-content\/uploads\/2024\/04\/home_hero-1200x628-1.jpg\" \/>\n\t<meta property=\"og:image:width\" content=\"1200\" \/>\n\t<meta property=\"og:image:height\" content=\"628\" \/>\n\t<meta property=\"og:image:type\" content=\"image\/jpeg\" \/>\n<meta name=\"twitter:card\" content=\"summary_large_image\" \/>\n<meta name=\"twitter:label1\" content=\"Dur\u00e9e de lecture estim\u00e9e\" \/>\n\t<meta name=\"twitter:data1\" content=\"1 minute\" \/>\n<script type=\"application\/ld+json\" class=\"yoast-schema-graph\">{\"@context\":\"https:\/\/schema.org\",\"@graph\":[{\"@type\":\"WebPage\",\"@id\":\"https:\/\/curlingpro.ca\/fr\/notre-formation\/\",\"url\":\"https:\/\/curlingpro.ca\/fr\/notre-formation\/\",\"name\":\"Notre formation - Curling Pro\",\"isPartOf\":{\"@id\":\"https:\/\/curlingpro.ca\/#website\"},\"datePublished\":\"2018-07-05T13:46:04+00:00\",\"dateModified\":\"2025-06-02T19:04:16+00:00\",\"breadcrumb\":{\"@id\":\"https:\/\/curlingpro.ca\/fr\/notre-formation\/#breadcrumb\"},\"inLanguage\":\"fr-FR\",\"potentialAction\":[{\"@type\":\"ReadAction\",\"target\":[\"https:\/\/curlingpro.ca\/fr\/notre-formation\/\"]}]},{\"@type\":\"BreadcrumbList\",\"@id\":\"https:\/\/curlingpro.ca\/fr\/notre-formation\/#breadcrumb\",\"itemListElement\":[{\"@type\":\"ListItem\",\"position\":1,\"name\":\"Home\",\"item\":\"https:\/\/curlingpro.ca\/fr\/\"},{\"@type\":\"ListItem\",\"position\":2,\"name\":\"Notre formation\"}]},{\"@type\":\"WebSite\",\"@id\":\"https:\/\/curlingpro.ca\/#website\",\"url\":\"https:\/\/curlingpro.ca\/\",\"name\":\"Curling Pro\",\"description\":\"Experts who are dedicated to advancing our sport\",\"publisher\":{\"@id\":\"https:\/\/curlingpro.ca\/#organization\"},\"potentialAction\":[{\"@type\":\"SearchAction\",\"target\":{\"@type\":\"EntryPoint\",\"urlTemplate\":\"https:\/\/curlingpro.ca\/?s={search_term_string}\"},\"query-input\":{\"@type\":\"PropertyValueSpecification\",\"valueRequired\":true,\"valueName\":\"search_term_string\"}}],\"inLanguage\":\"fr-FR\"},{\"@type\":\"Organization\",\"@id\":\"https:\/\/curlingpro.ca\/#organization\",\"name\":\"Curling Pro\",\"url\":\"https:\/\/curlingpro.ca\/\",\"logo\":{\"@type\":\"ImageObject\",\"inLanguage\":\"fr-FR\",\"@id\":\"https:\/\/curlingpro.ca\/#\/schema\/logo\/image\/\",\"url\":\"https:\/\/curlingpro.ca\/wp-content\/uploads\/2023\/10\/CC-ACP-FRENCH-logo-keyline-23.png\",\"contentUrl\":\"https:\/\/curlingpro.ca\/wp-content\/uploads\/2023\/10\/CC-ACP-FRENCH-logo-keyline-23.png\",\"width\":1000,\"height\":1000,\"caption\":\"Curling Pro\"},\"image\":{\"@id\":\"https:\/\/curlingpro.ca\/#\/schema\/logo\/image\/\"},\"sameAs\":[\"https:\/\/www.facebook.com\/curlingcanada\/\",\"https:\/\/www.youtube.com\/curlingcanada\",\"https:\/\/www.instagram.com\/curlingcanada\/\"]}]}<\/script>\n<!-- \/ Yoast SEO plugin. -->","yoast_head_json":{"title":"Notre formation - Curling Pro","robots":{"index":"index","follow":"follow","max-snippet":"max-snippet:-1","max-image-preview":"max-image-preview:large","max-video-preview":"max-video-preview:-1"},"canonical":"https:\/\/curlingpro.ca\/fr\/notre-formation\/","og_locale":"fr_FR","og_type":"article","og_title":"Notre formation - Curling Pro","og_description":"[vc_row css=\u00a0\u00bb.vc_custom_1531732363131{padding-top: 40px !important;padding-bottom: 55px !important;}\u00a0\u00bb][vc_column][vc_column_text] Nous proposons un programme de formation innovant de deux ans qui peut \u00eatre ais\u00e9ment g\u00e9r\u00e9 par des candidats ayant d&rsquo;autres engagements \u00e0 temps plein. La premi\u00e8re ann\u00e9e comprend une s\u00e9rie de cours de base en ligne, ainsi qu&rsquo;une fin de semaine de formation en personne aux multiples facettes. Cette formation [&hellip;]","og_url":"https:\/\/curlingpro.ca\/fr\/notre-formation\/","og_site_name":"Curling Pro","article_publisher":"https:\/\/www.facebook.com\/curlingcanada\/","article_modified_time":"2025-06-02T19:04:16+00:00","og_image":[{"width":1200,"height":628,"url":"http:\/\/curlingpro.ca\/wp-content\/uploads\/2024\/04\/home_hero-1200x628-1.jpg","type":"image\/jpeg"}],"twitter_card":"summary_large_image","twitter_misc":{"Dur\u00e9e de lecture estim\u00e9e":"1 minute"},"schema":{"@context":"https:\/\/schema.org","@graph":[{"@type":"WebPage","@id":"https:\/\/curlingpro.ca\/fr\/notre-formation\/","url":"https:\/\/curlingpro.ca\/fr\/notre-formation\/","name":"Notre formation - Curling Pro","isPartOf":{"@id":"https:\/\/curlingpro.ca\/#website"},"datePublished":"2018-07-05T13:46:04+00:00","dateModified":"2025-06-02T19:04:16+00:00","breadcrumb":{"@id":"https:\/\/curlingpro.ca\/fr\/notre-formation\/#breadcrumb"},"inLanguage":"fr-FR","potentialAction":[{"@type":"ReadAction","target":["https:\/\/curlingpro.ca\/fr\/notre-formation\/"]}]},{"@type":"BreadcrumbList","@id":"https:\/\/curlingpro.ca\/fr\/notre-formation\/#breadcrumb","itemListElement":[{"@type":"ListItem","position":1,"name":"Home","item":"https:\/\/curlingpro.ca\/fr\/"},{"@type":"ListItem","position":2,"name":"Notre formation"}]},{"@type":"WebSite","@id":"https:\/\/curlingpro.ca\/#website","url":"https:\/\/curlingpro.ca\/","name":"Curling Pro","description":"Experts who are dedicated to advancing our sport","publisher":{"@id":"https:\/\/curlingpro.ca\/#organization"},"potentialAction":[{"@type":"SearchAction","target":{"@type":"EntryPoint","urlTemplate":"https:\/\/curlingpro.ca\/?s={search_term_string}"},"query-input":{"@type":"PropertyValueSpecification","valueRequired":true,"valueName":"search_term_string"}}],"inLanguage":"fr-FR"},{"@type":"Organization","@id":"https:\/\/curlingpro.ca\/#organization","name":"Curling Pro","url":"https:\/\/curlingpro.ca\/","logo":{"@type":"ImageObject","inLanguage":"fr-FR","@id":"https:\/\/curlingpro.ca\/#\/schema\/logo\/image\/","url":"https:\/\/curlingpro.ca\/wp-content\/uploads\/2023\/10\/CC-ACP-FRENCH-logo-keyline-23.png","contentUrl":"https:\/\/curlingpro.ca\/wp-content\/uploads\/2023\/10\/CC-ACP-FRENCH-logo-keyline-23.png","width":1000,"height":1000,"caption":"Curling Pro"},"image":{"@id":"https:\/\/curlingpro.ca\/#\/schema\/logo\/image\/"},"sameAs":["https:\/\/www.facebook.com\/curlingcanada\/","https:\/\/www.youtube.com\/curlingcanada","https:\/\/www.instagram.com\/curlingcanada\/"]}]}},"_links":{"self":[{"href":"http:\/\/curlingpro.ca\/fr\/wp-json\/wp\/v2\/pages\/3890","targetHints":{"allow":["GET"]}}],"collection":[{"href":"http:\/\/curlingpro.ca\/fr\/wp-json\/wp\/v2\/pages"}],"about":[{"href":"http:\/\/curlingpro.ca\/fr\/wp-json\/wp\/v2\/types\/page"}],"author":[{"embeddable":true,"href":"http:\/\/curlingpro.ca\/fr\/wp-json\/wp\/v2\/users\/1"}],"replies":[{"embeddable":true,"href":"http:\/\/curlingpro.ca\/fr\/wp-json\/wp\/v2\/comments?post=3890"}],"version-history":[{"count":5,"href":"http:\/\/curlingpro.ca\/fr\/wp-json\/wp\/v2\/pages\/3890\/revisions"}],"predecessor-version":[{"id":4340,"href":"http:\/\/curlingpro.ca\/fr\/wp-json\/wp\/v2\/pages\/3890\/revisions\/4340"}],"wp:attachment":[{"href":"http:\/\/curlingpro.ca\/fr\/wp-json\/wp\/v2\/media?parent=3890"}],"curies":[{"name":"wp","href":"https:\/\/api.w.org\/{rel}","templated":true}]}}