{"id":3895,"date":"2018-06-28T11:24:30","date_gmt":"2018-06-28T11:24:30","guid":{"rendered":"https:\/\/curlingpro.ca\/our-profession\/"},"modified":"2023-10-25T18:07:07","modified_gmt":"2023-10-25T18:07:07","slug":"notre-profession","status":"publish","type":"page","link":"http:\/\/curlingpro.ca\/fr\/notre-profession\/","title":{"rendered":"Notre profession"},"content":{"rendered":"<div class=\"wpb-content-wrapper\"><p>[vc_row row_content_width=\u00a0\u00bbgrid\u00a0\u00bb][vc_column][vc_empty_space height=\u00a0\u00bb50px\u00a0\u00bb][vc_column_text]<\/p>\n<h5 style=\"font-weight: 400;\">Les professionnels de l\u2019APC sont des experts du curling qui se consacrent \u00e0 l&rsquo;avancement de notre sport au niveau des clubs. Ils s&rsquo;engagent \u00e0 am\u00e9liorer l&rsquo;exp\u00e9rience du curling pour leurs membres et leurs invit\u00e9s en offrant un enseignement de haute qualit\u00e9 et en g\u00e9rant leurs clubs de fa\u00e7on professionnelle.<\/h5>\n<h5 style=\"font-weight: 400;\">C&rsquo;est pourquoi l&rsquo;APC offre \u00e0 ses membres des programmes de formation complets et deux parcours de carri\u00e8re \u00e9prouv\u00e9s. Si vous \u00eates \u00e0 la recherche d&rsquo;une nouvelle possibilit\u00e9 et que vous souhaitez apporter une contribution dans le curling au niveau des clubs, nous vous invitons \u00e0 prendre rendez-vous pour une consultation d\u00e8s aujourd&rsquo;hui.<\/h5>\n<p>[\/vc_column_text][vc_empty_space][vc_row_inner][vc_column_inner width=\u00a0\u00bb1\/2&Prime;][vc_column_text]<\/p>\n<h3 id=\"ui-id-3\" class=\"eltdf-accordion-title ui-accordion-header ui-corner-top ui-state-default ui-accordion-header-active ui-state-active\" style=\"text-align: left;\" tabindex=\"0\" role=\"tab\" aria-controls=\"ui-id-4\" aria-selected=\"true\" aria-expanded=\"true\"><span class=\"eltdf-tab-title\">Professionnels de club<\/span><\/h3>\n<div id=\"ui-id-4\" class=\"eltdf-accordion-content ui-accordion-content ui-corner-bottom ui-helper-reset ui-widget-content ui-accordion-content-active\" role=\"tabpanel\" aria-labelledby=\"ui-id-3\" aria-hidden=\"false\">\n<div class=\"eltdf-accordion-content-inner\">\n<div class=\"wpb_text_column wpb_content_element \">\n<div class=\"wpb_wrapper\">\n<h5 style=\"font-weight: 400;\">Les professionnels de club de l\u2019APC savent comment g\u00e9rer tous les aspects de leur club de curling, y compris l&rsquo;organisation de ligues et d&rsquo;\u00e9v\u00e9nements r\u00e9ussis. Ils sont \u00e9galement form\u00e9s pour dispenser un enseignement de premier ordre aux joueurs d\u00e9butants et interm\u00e9diaires, qu&rsquo;ils soient jeunes ou adultes.<\/h5>\n<h5 style=\"font-weight: 400;\">Au-del\u00e0 de leur r\u00f4le de gestionnaire et d&rsquo;instructeur, les professionnels de club de l\u2019APC supervisent g\u00e9n\u00e9ralement le reste du personnel du club. \u00c0 ce titre, ils sont g\u00e9n\u00e9ralement employ\u00e9s \u00e0 temps plein par le club et se consacrent exclusivement \u00e0 ses activit\u00e9s.<\/h5>\n<\/div>\n<\/div>\n<\/div>\n<\/div>\n<p>[\/vc_column_text][\/vc_column_inner][vc_column_inner width=\u00a0\u00bb1\/2&Prime;][vc_column_text]<\/p>\n<h3 id=\"ui-id-1\" class=\"eltdf-accordion-title ui-accordion-header ui-corner-top ui-state-default ui-accordion-header-active ui-state-active\" style=\"text-align: left;\" tabindex=\"0\" role=\"tab\" aria-controls=\"ui-id-2\" aria-selected=\"true\" aria-expanded=\"true\"><span class=\"eltdf-tab-title\">Professionnels de l&rsquo;enseignement<br \/>\n<\/span><\/h3>\n<div id=\"ui-id-2\" class=\"eltdf-accordion-content ui-accordion-content ui-corner-bottom ui-helper-reset ui-widget-content ui-accordion-content-active\" role=\"tabpanel\" aria-labelledby=\"ui-id-1\" aria-hidden=\"false\">\n<div class=\"eltdf-accordion-content-inner\">\n<div class=\"wpb_text_column wpb_content_element \">\n<div class=\"wpb_wrapper\">\n<h5 style=\"font-weight: 400;\">Bien qu&rsquo;ils soient \u00e9galement form\u00e9s \u00e0 la gestion de ligues et d&rsquo;\u00e9v\u00e9nements, les professionnels de l&rsquo;enseignement de l&rsquo;APC se concentrent principalement sur l&rsquo;offre de cours, de cliniques et de programmes de haute qualit\u00e9 aux curleurs de tous \u00e2ges et de tous niveaux (c.-\u00e0-d. d\u00e9butant, interm\u00e9diaire et avanc\u00e9).<\/h5>\n<h5 style=\"font-weight: 400;\">Certains professionnels de l&rsquo;enseignement sont des employ\u00e9s d&rsquo;un seul club et, dans ce cas, ils assument habituellement d&rsquo;autres r\u00f4les au sein des activit\u00e9s de ce club. D&rsquo;autres professionnels de l&rsquo;enseignement travaillent en tant que consultants \u00e0 contrat, ce qui leur permet d&rsquo;offrir leurs services \u00e0 plusieurs clubs.<\/h5>\n<\/div>\n<\/div>\n<\/div>\n<\/div>\n<p>[\/vc_column_text][\/vc_column_inner][\/vc_row_inner][vc_empty_space height=\u00a0\u00bb50px\u00a0\u00bb][\/vc_column][\/vc_row][vc_row][vc_column]<div class=\"eltdf-elements-holder   eltdf-two-columns  eltdf-responsive-mode-768  eltdf-eh-uncovering-effect eltdf-eh-uncovering-image-right\" ><div class=\"eltdf-eh-item     eltdf-background-arrow-right\" style=\"border-color: #ff1949;background-color: #ff1949\" data-item-class=\"eltdf-eh-custom-3985\" data-1367-1600=\"115px 17% 143px 20%\" data-1025-1366=\"105px 16% 133px 18%\" data-769-1024=\"95px 6% 123px 8%\" data-681-768=\"135px 18% 163px 22%\" data-680=\"62px 0% 92px 10%\">\n\t<div class=\"eltdf-eh-item-inner\">\n\t\t<div class=\"eltdf-eh-item-content eltdf-eh-custom-3985\" style=\"padding: 135px 24% 163px 24%\">\n\t\t\t[vc_column_text]<\/p>\n<h2><span style=\"color: #ffffff;\">Programmer une consultation<\/span><\/h2>\n<p>[\/vc_column_text][vc_empty_space height=\u00a0\u00bb26px\u00a0\u00bb]\n<div class=\"wpcf7 no-js\" id=\"wpcf7-f910-o1\" lang=\"en-US\" dir=\"ltr\" data-wpcf7-id=\"910\">\n<div class=\"screen-reader-response\"><p role=\"status\" aria-live=\"polite\" aria-atomic=\"true\"><\/p> <ul><\/ul><\/div>\n<form action=\"\/fr\/wp-json\/wp\/v2\/pages\/3895#wpcf7-f910-o1\" method=\"post\" class=\"wpcf7-form init\" aria-label=\"Contact form\" novalidate=\"novalidate\" data-status=\"init\">\n<fieldset class=\"hidden-fields-container\"><input type=\"hidden\" name=\"_wpcf7\" value=\"910\" \/><input type=\"hidden\" name=\"_wpcf7_version\" value=\"6.1.5\" \/><input type=\"hidden\" name=\"_wpcf7_locale\" value=\"en_US\" \/><input type=\"hidden\" name=\"_wpcf7_unit_tag\" value=\"wpcf7-f910-o1\" \/><input type=\"hidden\" name=\"_wpcf7_container_post\" value=\"0\" \/><input type=\"hidden\" name=\"_wpcf7_posted_data_hash\" value=\"\" \/>\n<\/fieldset>\n<div class=\"eltdf-contact-form-7-widget\">\n\t<p><span class=\"wpcf7-form-control-wrap\" data-name=\"your-name\"><input size=\"40\" maxlength=\"400\" class=\"wpcf7-form-control wpcf7-text wpcf7-validates-as-required\" aria-required=\"true\" aria-invalid=\"false\" placeholder=\"Name\" value=\"\" type=\"text\" name=\"your-name\" \/><\/span><br \/>\n<span class=\"wpcf7-form-control-wrap\" data-name=\"your-email\"><input size=\"40\" maxlength=\"400\" class=\"wpcf7-form-control wpcf7-email wpcf7-validates-as-required wpcf7-text wpcf7-validates-as-email\" aria-required=\"true\" aria-invalid=\"false\" placeholder=\"Email\" value=\"\" type=\"email\" name=\"your-email\" \/><\/span><br \/>\n<span class=\"wpcf7-form-control-wrap\" data-name=\"your-tel\"><input size=\"40\" maxlength=\"400\" class=\"wpcf7-form-control wpcf7-tel wpcf7-validates-as-required wpcf7-text wpcf7-validates-as-tel\" aria-required=\"true\" aria-invalid=\"false\" placeholder=\"Phone\" value=\"\" type=\"tel\" name=\"your-tel\" \/><\/span><br \/>\n<span class=\"wpcf7-form-control-wrap\" data-name=\"your-club\"><input size=\"40\" maxlength=\"400\" class=\"wpcf7-form-control wpcf7-text wpcf7-validates-as-required\" aria-required=\"true\" aria-invalid=\"false\" placeholder=\"Club\" value=\"\" type=\"text\" name=\"your-club\" \/><\/span><br \/>\n<input class=\"wpcf7-form-control wpcf7-submit has-spinner\" type=\"submit\" value=\"Submit\" \/>\n\t<\/p>\n<\/div><div class=\"wpcf7-response-output\" aria-hidden=\"true\"><\/div>\n<\/form>\n<\/div>\n\t\t<\/div>\n\t<\/div>\n<\/div><div class=\"eltdf-eh-item     \" style=\"background-image: url(http:\/\/curlingpro.ca\/wp-content\/uploads\/2023\/10\/photo-form.jpg)\" data-item-class=\"eltdf-eh-custom-2720\" data-681-768=\"20% 0\" data-680=\"20% 0\">\n\t<div class=\"eltdf-eh-item-inner\">\n\t\t<div class=\"eltdf-eh-item-content eltdf-eh-custom-2720\" >\n\t\t\t\t\t<\/div>\n\t<\/div>\n<\/div><\/div>[\/vc_column][\/vc_row]<\/p>\n<\/div>","protected":false},"excerpt":{"rendered":"<p>[vc_row row_content_width=\u00a0\u00bbgrid\u00a0\u00bb][vc_column][vc_empty_space height=\u00a0\u00bb50px\u00a0\u00bb][vc_column_text] Les professionnels de l\u2019APC sont des experts du curling qui se consacrent \u00e0 l&rsquo;avancement de notre sport au niveau des clubs. Ils s&rsquo;engagent \u00e0 am\u00e9liorer l&rsquo;exp\u00e9rience du curling pour leurs membres et leurs invit\u00e9s en offrant un enseignement de haute qualit\u00e9 et en g\u00e9rant leurs clubs de fa\u00e7on professionnelle. C&rsquo;est pourquoi l&rsquo;APC offre [&hellip;]<\/p>\n","protected":false},"author":1,"featured_media":0,"parent":0,"menu_order":0,"comment_status":"closed","ping_status":"closed","template":"full-width.php","meta":{"_bbp_topic_count":0,"_bbp_reply_count":0,"_bbp_total_topic_count":0,"_bbp_total_reply_count":0,"_bbp_voice_count":0,"_bbp_anonymous_reply_count":0,"_bbp_topic_count_hidden":0,"_bbp_reply_count_hidden":0,"_bbp_forum_subforum_count":0,"footnotes":""},"class_list":["post-3895","page","type-page","status-publish","hentry"],"yoast_head":"<!-- This site is optimized with the Yoast SEO plugin v27.2 - https:\/\/yoast.com\/product\/yoast-seo-wordpress\/ -->\n<title>Notre profession - Curling Pro<\/title>\n<meta name=\"robots\" content=\"index, follow, max-snippet:-1, max-image-preview:large, max-video-preview:-1\" \/>\n<link rel=\"canonical\" href=\"https:\/\/curlingpro.ca\/fr\/notre-profession\/\" \/>\n<meta property=\"og:locale\" content=\"fr_FR\" \/>\n<meta property=\"og:type\" content=\"article\" \/>\n<meta property=\"og:title\" content=\"Notre profession - Curling Pro\" \/>\n<meta property=\"og:description\" content=\"[vc_row row_content_width=\u00a0\u00bbgrid\u00a0\u00bb][vc_column][vc_empty_space height=\u00a0\u00bb50px\u00a0\u00bb][vc_column_text] Les professionnels de l\u2019APC sont des experts du curling qui se consacrent \u00e0 l&rsquo;avancement de notre sport au niveau des clubs. Ils s&rsquo;engagent \u00e0 am\u00e9liorer l&rsquo;exp\u00e9rience du curling pour leurs membres et leurs invit\u00e9s en offrant un enseignement de haute qualit\u00e9 et en g\u00e9rant leurs clubs de fa\u00e7on professionnelle. C&rsquo;est pourquoi l&rsquo;APC offre [&hellip;]\" \/>\n<meta property=\"og:url\" content=\"https:\/\/curlingpro.ca\/fr\/notre-profession\/\" \/>\n<meta property=\"og:site_name\" content=\"Curling Pro\" \/>\n<meta property=\"article:publisher\" content=\"https:\/\/www.facebook.com\/curlingcanada\/\" \/>\n<meta property=\"article:modified_time\" content=\"2023-10-25T18:07:07+00:00\" \/>\n<meta property=\"og:image\" content=\"http:\/\/curlingpro.ca\/wp-content\/uploads\/2024\/04\/home_hero-1200x628-1.jpg\" \/>\n\t<meta property=\"og:image:width\" content=\"1200\" \/>\n\t<meta property=\"og:image:height\" content=\"628\" \/>\n\t<meta property=\"og:image:type\" content=\"image\/jpeg\" \/>\n<meta name=\"twitter:card\" content=\"summary_large_image\" \/>\n<meta name=\"twitter:label1\" content=\"Dur\u00e9e de lecture estim\u00e9e\" \/>\n\t<meta name=\"twitter:data1\" content=\"2 minutes\" \/>\n<script type=\"application\/ld+json\" class=\"yoast-schema-graph\">{\"@context\":\"https:\/\/schema.org\",\"@graph\":[{\"@type\":\"WebPage\",\"@id\":\"https:\/\/curlingpro.ca\/fr\/notre-profession\/\",\"url\":\"https:\/\/curlingpro.ca\/fr\/notre-profession\/\",\"name\":\"Notre profession - Curling Pro\",\"isPartOf\":{\"@id\":\"https:\/\/curlingpro.ca\/#website\"},\"datePublished\":\"2018-06-28T11:24:30+00:00\",\"dateModified\":\"2023-10-25T18:07:07+00:00\",\"breadcrumb\":{\"@id\":\"https:\/\/curlingpro.ca\/fr\/notre-profession\/#breadcrumb\"},\"inLanguage\":\"fr-FR\",\"potentialAction\":[{\"@type\":\"ReadAction\",\"target\":[\"https:\/\/curlingpro.ca\/fr\/notre-profession\/\"]}]},{\"@type\":\"BreadcrumbList\",\"@id\":\"https:\/\/curlingpro.ca\/fr\/notre-profession\/#breadcrumb\",\"itemListElement\":[{\"@type\":\"ListItem\",\"position\":1,\"name\":\"Home\",\"item\":\"https:\/\/curlingpro.ca\/fr\/\"},{\"@type\":\"ListItem\",\"position\":2,\"name\":\"Notre profession\"}]},{\"@type\":\"WebSite\",\"@id\":\"https:\/\/curlingpro.ca\/#website\",\"url\":\"https:\/\/curlingpro.ca\/\",\"name\":\"Curling Pro\",\"description\":\"Experts who are dedicated to advancing our sport\",\"publisher\":{\"@id\":\"https:\/\/curlingpro.ca\/#organization\"},\"potentialAction\":[{\"@type\":\"SearchAction\",\"target\":{\"@type\":\"EntryPoint\",\"urlTemplate\":\"https:\/\/curlingpro.ca\/?s={search_term_string}\"},\"query-input\":{\"@type\":\"PropertyValueSpecification\",\"valueRequired\":true,\"valueName\":\"search_term_string\"}}],\"inLanguage\":\"fr-FR\"},{\"@type\":\"Organization\",\"@id\":\"https:\/\/curlingpro.ca\/#organization\",\"name\":\"Curling Pro\",\"url\":\"https:\/\/curlingpro.ca\/\",\"logo\":{\"@type\":\"ImageObject\",\"inLanguage\":\"fr-FR\",\"@id\":\"https:\/\/curlingpro.ca\/#\/schema\/logo\/image\/\",\"url\":\"https:\/\/curlingpro.ca\/wp-content\/uploads\/2023\/10\/CC-ACP-FRENCH-logo-keyline-23.png\",\"contentUrl\":\"https:\/\/curlingpro.ca\/wp-content\/uploads\/2023\/10\/CC-ACP-FRENCH-logo-keyline-23.png\",\"width\":1000,\"height\":1000,\"caption\":\"Curling Pro\"},\"image\":{\"@id\":\"https:\/\/curlingpro.ca\/#\/schema\/logo\/image\/\"},\"sameAs\":[\"https:\/\/www.facebook.com\/curlingcanada\/\",\"https:\/\/www.youtube.com\/curlingcanada\",\"https:\/\/www.instagram.com\/curlingcanada\/\"]}]}<\/script>\n<!-- \/ Yoast SEO plugin. -->","yoast_head_json":{"title":"Notre profession - Curling Pro","robots":{"index":"index","follow":"follow","max-snippet":"max-snippet:-1","max-image-preview":"max-image-preview:large","max-video-preview":"max-video-preview:-1"},"canonical":"https:\/\/curlingpro.ca\/fr\/notre-profession\/","og_locale":"fr_FR","og_type":"article","og_title":"Notre profession - Curling Pro","og_description":"[vc_row row_content_width=\u00a0\u00bbgrid\u00a0\u00bb][vc_column][vc_empty_space height=\u00a0\u00bb50px\u00a0\u00bb][vc_column_text] Les professionnels de l\u2019APC sont des experts du curling qui se consacrent \u00e0 l&rsquo;avancement de notre sport au niveau des clubs. Ils s&rsquo;engagent \u00e0 am\u00e9liorer l&rsquo;exp\u00e9rience du curling pour leurs membres et leurs invit\u00e9s en offrant un enseignement de haute qualit\u00e9 et en g\u00e9rant leurs clubs de fa\u00e7on professionnelle. C&rsquo;est pourquoi l&rsquo;APC offre [&hellip;]","og_url":"https:\/\/curlingpro.ca\/fr\/notre-profession\/","og_site_name":"Curling Pro","article_publisher":"https:\/\/www.facebook.com\/curlingcanada\/","article_modified_time":"2023-10-25T18:07:07+00:00","og_image":[{"width":1200,"height":628,"url":"http:\/\/curlingpro.ca\/wp-content\/uploads\/2024\/04\/home_hero-1200x628-1.jpg","type":"image\/jpeg"}],"twitter_card":"summary_large_image","twitter_misc":{"Dur\u00e9e de lecture estim\u00e9e":"2 minutes"},"schema":{"@context":"https:\/\/schema.org","@graph":[{"@type":"WebPage","@id":"https:\/\/curlingpro.ca\/fr\/notre-profession\/","url":"https:\/\/curlingpro.ca\/fr\/notre-profession\/","name":"Notre profession - Curling Pro","isPartOf":{"@id":"https:\/\/curlingpro.ca\/#website"},"datePublished":"2018-06-28T11:24:30+00:00","dateModified":"2023-10-25T18:07:07+00:00","breadcrumb":{"@id":"https:\/\/curlingpro.ca\/fr\/notre-profession\/#breadcrumb"},"inLanguage":"fr-FR","potentialAction":[{"@type":"ReadAction","target":["https:\/\/curlingpro.ca\/fr\/notre-profession\/"]}]},{"@type":"BreadcrumbList","@id":"https:\/\/curlingpro.ca\/fr\/notre-profession\/#breadcrumb","itemListElement":[{"@type":"ListItem","position":1,"name":"Home","item":"https:\/\/curlingpro.ca\/fr\/"},{"@type":"ListItem","position":2,"name":"Notre profession"}]},{"@type":"WebSite","@id":"https:\/\/curlingpro.ca\/#website","url":"https:\/\/curlingpro.ca\/","name":"Curling Pro","description":"Experts who are dedicated to advancing our sport","publisher":{"@id":"https:\/\/curlingpro.ca\/#organization"},"potentialAction":[{"@type":"SearchAction","target":{"@type":"EntryPoint","urlTemplate":"https:\/\/curlingpro.ca\/?s={search_term_string}"},"query-input":{"@type":"PropertyValueSpecification","valueRequired":true,"valueName":"search_term_string"}}],"inLanguage":"fr-FR"},{"@type":"Organization","@id":"https:\/\/curlingpro.ca\/#organization","name":"Curling Pro","url":"https:\/\/curlingpro.ca\/","logo":{"@type":"ImageObject","inLanguage":"fr-FR","@id":"https:\/\/curlingpro.ca\/#\/schema\/logo\/image\/","url":"https:\/\/curlingpro.ca\/wp-content\/uploads\/2023\/10\/CC-ACP-FRENCH-logo-keyline-23.png","contentUrl":"https:\/\/curlingpro.ca\/wp-content\/uploads\/2023\/10\/CC-ACP-FRENCH-logo-keyline-23.png","width":1000,"height":1000,"caption":"Curling Pro"},"image":{"@id":"https:\/\/curlingpro.ca\/#\/schema\/logo\/image\/"},"sameAs":["https:\/\/www.facebook.com\/curlingcanada\/","https:\/\/www.youtube.com\/curlingcanada","https:\/\/www.instagram.com\/curlingcanada\/"]}]}},"_links":{"self":[{"href":"http:\/\/curlingpro.ca\/fr\/wp-json\/wp\/v2\/pages\/3895","targetHints":{"allow":["GET"]}}],"collection":[{"href":"http:\/\/curlingpro.ca\/fr\/wp-json\/wp\/v2\/pages"}],"about":[{"href":"http:\/\/curlingpro.ca\/fr\/wp-json\/wp\/v2\/types\/page"}],"author":[{"embeddable":true,"href":"http:\/\/curlingpro.ca\/fr\/wp-json\/wp\/v2\/users\/1"}],"replies":[{"embeddable":true,"href":"http:\/\/curlingpro.ca\/fr\/wp-json\/wp\/v2\/comments?post=3895"}],"version-history":[{"count":4,"href":"http:\/\/curlingpro.ca\/fr\/wp-json\/wp\/v2\/pages\/3895\/revisions"}],"predecessor-version":[{"id":3900,"href":"http:\/\/curlingpro.ca\/fr\/wp-json\/wp\/v2\/pages\/3895\/revisions\/3900"}],"wp:attachment":[{"href":"http:\/\/curlingpro.ca\/fr\/wp-json\/wp\/v2\/media?parent=3895"}],"curies":[{"name":"wp","href":"https:\/\/api.w.org\/{rel}","templated":true}]}}