{"id":4012,"date":"2018-07-03T10:15:41","date_gmt":"2018-07-03T10:15:41","guid":{"rendered":"https:\/\/curlingpro.ca\/home\/"},"modified":"2025-07-03T18:45:52","modified_gmt":"2025-07-03T18:45:52","slug":"professor-home","status":"publish","type":"page","link":"http:\/\/curlingpro.ca\/fr\/","title":{"rendered":"Page d&rsquo;accueil"},"content":{"rendered":"<div class=\"wpb-content-wrapper\"><p>[vc_row][vc_column][rev_slider_vc alias=\u00a0\u00bbprofessor-home-1&Prime; enable_paspartu=\u00a0\u00bbno\u00a0\u00bb][\/vc_column][\/vc_row][vc_row][vc_column]<div class=\"eltdf-elements-holder   eltdf-one-column  eltdf-responsive-mode-768   \" ><div class=\"eltdf-eh-item     \" style=\"background-color: #F7F8F9\" data-item-class=\"eltdf-eh-custom-4679\" data-681-768=\"30% 0\" data-680=\"50% 0\">\n\t<div class=\"eltdf-eh-item-inner\">\n\t\t<div class=\"eltdf-eh-item-content eltdf-eh-custom-4679\" style=\"padding: 100px 10% 100px 10%\">\n\t\t\t<div class=\"eltdf-section-title-holder  eltdf-st-standard eltdf-st-title-left eltdf-st-normal-space \" >\n\t<div class=\"eltdf-st-inner\">\n\t\t\t\t\t<h2 class=\"eltdf-st-title\" >\n\t\t\t\tArchives des actualit\u00e9s\t\t\t<\/h2>\n\t\t\t\t\t\t\t<\/div>\n<\/div>[vc_raw_html css=\u00a0\u00bb\u00a0\u00bb]JTVCc21hcnRfcG9zdF9zaG93JTIwaWQlM0QlMjI0NTM2JTIyJTVE[\/vc_raw_html]\t\t<\/div>\n\t<\/div>\n<\/div><\/div>[\/vc_column][\/vc_row][vc_row disable_element=\u00a0\u00bbyes\u00a0\u00bb][vc_column]<div class=\"eltdf-elements-holder   eltdf-one-column  eltdf-responsive-mode-768   \" ><div class=\"eltdf-eh-item     \" style=\"background-color: #F7F8F9\" data-item-class=\"eltdf-eh-custom-1123\" data-681-768=\"30% 0\" data-680=\"50% 0\">\n\t<div class=\"eltdf-eh-item-inner\">\n\t\t<div class=\"eltdf-eh-item-content eltdf-eh-custom-1123\" style=\"padding: 100px 10% 100px 10%\">\n\t\t\t[vc_btn title=\u00a0\u00bbVOIR PLUS\u00a0\u00bb style=\u00a0\u00bbcustom\u00a0\u00bb custom_background=\u00a0\u00bb#ed1741&Prime; custom_text=\u00a0\u00bb#ffffff\u00a0\u00bb shape=\u00a0\u00bbsquare\u00a0\u00bb align=\u00a0\u00bbleft\u00a0\u00bb css=\u00a0\u00bb\u00a0\u00bb link=\u00a0\u00bburl:%2Ffr%2Fcategory%2Fnouvelles%2F\u00a0\u00bb]\t\t<\/div>\n\t<\/div>\n<\/div><\/div>[\/vc_column][\/vc_row][vc_row css=\u00a0\u00bb.vc_custom_1698070162286{padding-top: 50px !important;padding-bottom: 0px !important;}\u00a0\u00bb][vc_column offset=\u00a0\u00bbvc_col-md-8&Prime;]<div class=\"eltdf-elements-holder   eltdf-one-column  eltdf-responsive-mode-768   \" ><div class=\"eltdf-eh-item     \"  data-item-class=\"eltdf-eh-custom-2217\" data-1367-1600=\"0px 0px 0 20px\" data-1025-1366=\"9px 0px 0 50px\" data-769-1024=\"0px 0px 0 45px\" data-681-768=\"50px 30px 0 30px\" data-680=\"50px 30px 0 30px\">\n\t<div class=\"eltdf-eh-item-inner\">\n\t\t<div class=\"eltdf-eh-item-content eltdf-eh-custom-2217\" style=\"padding: 93px 0px 0 160px\">\n\t\t\t<div class=\"eltdf-tabs  eltdf-tabs-vertical\">\n\t<ul class=\"eltdf-tabs-nav clearfix\">\n\t\t\t\t\t<li>\n\t\t\t\t\t\t\t\t\t<a href=\"#tab-notre-profession\">Notre profession<\/a>\n\t\t\t\t\t\t\t<\/li>\n\t\t\t\t\t<li>\n\t\t\t\t\t\t\t\t\t<a href=\"#tab-notre-association\">Notre association<\/a>\n\t\t\t\t\t\t\t<\/li>\n\t\t\t\t\t<li>\n\t\t\t\t\t\t\t\t\t<a href=\"#tab-notre-formation\">Notre formation<\/a>\n\t\t\t\t\t\t\t<\/li>\n\t\t\t<\/ul>\n\t<div class=\"eltdf-tab-container\" id=\"tab-notre-profession-226\">[vc_empty_space height=\u00a0\u00bb22px\u00a0\u00bb]<div class=\"eltdf-section-title-holder  eltdf-st-standard eltdf-st-title-left eltdf-st-normal-space \" >\n\t<div class=\"eltdf-st-inner\">\n\t\t\t\t\t<h2 class=\"eltdf-st-title\" >\n\t\t\t\tNotre profession\t\t\t<\/h2>\n\t\t\t\t\t\t\t<div class=\"eltdf-separator-holder clearfix  eltdf-separator-left \">\n\t<div class=\"eltdf-separator\" style=\"border-color: #ff1949;width: 38px;border-bottom-width: 3px;margin-top: 23px;margin-bottom: 9px\"><\/div>\n<\/div>\n\t\t\t\t\t\t\t<h5 class=\"eltdf-st-text\" >\n\t\t\t\tLes professionnels de l\u2019APC s'engagent \u00e0 am\u00e9liorer l'exp\u00e9rience du curling pour leurs membres et leurs invit\u00e9s en offrant un enseignement de haute qualit\u00e9 et en g\u00e9rant leurs clubs de fa\u00e7on professionnelle.\t\t\t<\/h5>\n\t\t\t<\/div>\n<\/div>[vc_empty_space height=\u00a0\u00bb22px\u00a0\u00bb][vc_btn title=\u00a0\u00bbEN SAVOIR PLUS\u00a0\u00bb style=\u00a0\u00bbcustom\u00a0\u00bb custom_background=\u00a0\u00bb#ed1741&Prime; custom_text=\u00a0\u00bb#ffffff\u00a0\u00bb shape=\u00a0\u00bbsquare\u00a0\u00bb align=\u00a0\u00bbleft\u00a0\u00bb link=\u00a0\u00bburl:%2Ffr%2Fnotre-profession%2F\u00a0\u00bb]<\/div><div class=\"eltdf-tab-container\" id=\"tab-notre-association-92\">[vc_empty_space height=\u00a0\u00bb22px\u00a0\u00bb]<div class=\"eltdf-section-title-holder  eltdf-st-standard eltdf-st-title-left eltdf-st-normal-space \" >\n\t<div class=\"eltdf-st-inner\">\n\t\t\t\t\t<h2 class=\"eltdf-st-title\" >\n\t\t\t\tNotre association\t\t\t<\/h2>\n\t\t\t\t\t\t\t<div class=\"eltdf-separator-holder clearfix  eltdf-separator-left \">\n\t<div class=\"eltdf-separator\" style=\"border-color: #ff1949;width: 38px;border-bottom-width: 3px;margin-top: 23px;margin-bottom: 9px\"><\/div>\n<\/div>\n\t\t\t\t\t\t\t<h5 class=\"eltdf-st-text\" >\n\t\t\t\tNous croyons que chaque club de curling canadien aurait avantage \u00e0 embaucher au moins un professionnel de l\u2019APC et \u00e0 le placer au c\u0153ur de ses activit\u00e9s.\t\t\t<\/h5>\n\t\t\t<\/div>\n<\/div>[vc_empty_space height=\u00a0\u00bb22px\u00a0\u00bb][vc_btn title=\u00a0\u00bbEN SAVOIR PLUS\u00a0\u00bb style=\u00a0\u00bbcustom\u00a0\u00bb custom_background=\u00a0\u00bb#ed1741&Prime; custom_text=\u00a0\u00bb#ffffff\u00a0\u00bb shape=\u00a0\u00bbsquare\u00a0\u00bb align=\u00a0\u00bbleft\u00a0\u00bb link=\u00a0\u00bburl:%2Ffr%2Fnotre-association%2F\u00a0\u00bb]<\/div><div class=\"eltdf-tab-container\" id=\"tab-notre-formation-997\">[vc_empty_space height=\u00a0\u00bb22px\u00a0\u00bb]<div class=\"eltdf-section-title-holder  eltdf-st-standard eltdf-st-title-left eltdf-st-normal-space \" >\n\t<div class=\"eltdf-st-inner\">\n\t\t\t\t\t<h2 class=\"eltdf-st-title\" >\n\t\t\t\tNotre formation\t\t\t<\/h2>\n\t\t\t\t\t\t\t<div class=\"eltdf-separator-holder clearfix  eltdf-separator-left \">\n\t<div class=\"eltdf-separator\" style=\"border-color: #ff1949;width: 38px;border-bottom-width: 3px;margin-top: 23px;margin-bottom: 9px\"><\/div>\n<\/div>\n\t\t\t\t\t\t\t<h5 class=\"eltdf-st-text\" >\n\t\t\t\tNous proposons un programme de formation innovant construit autour de cours en ligne asynchrones et g\u00e9rable pour les candidats ayant d'autres engagements \u00e0 temps plein.\t\t\t<\/h5>\n\t\t\t<\/div>\n<\/div>[vc_empty_space height=\u00a0\u00bb22px\u00a0\u00bb][vc_btn title=\u00a0\u00bbEN SAVOIR PLUS\u00a0\u00bb style=\u00a0\u00bbcustom\u00a0\u00bb custom_background=\u00a0\u00bb#ed1741&Prime; custom_text=\u00a0\u00bb#ffffff\u00a0\u00bb shape=\u00a0\u00bbsquare\u00a0\u00bb align=\u00a0\u00bbleft\u00a0\u00bb link=\u00a0\u00bburl:%2Ffr%2Fnotre-formation%2F\u00a0\u00bb]<\/div><\/div>\t\t<\/div>\n\t<\/div>\n<\/div><\/div>[\/vc_column][vc_column offset=\u00a0\u00bbvc_col-md-4&Prime;]<div class=\"eltdf-elements-holder   eltdf-one-column  eltdf-responsive-mode-768   \" ><div class=\"eltdf-eh-item     \"  data-item-class=\"eltdf-eh-custom-4011\" data-1025-1366=\"61px 0 0 0\" data-681-768=\"61px 36px 0px 142px\" data-680=\"61px 19px 0px 27px\">\n\t<div class=\"eltdf-eh-item-inner\">\n\t\t<div class=\"eltdf-eh-item-content eltdf-eh-custom-4011\" style=\"padding: 61px 0px 0px 0px\">\n\t\t\t[vc_single_image image=\u00a0\u00bb3844&Prime; img_size=\u00a0\u00bbfull\u00a0\u00bb]\t\t<\/div>\n\t<\/div>\n<\/div><\/div>[\/vc_column][\/vc_row][vc_row disable_element=\u00a0\u00bbyes\u00a0\u00bb][vc_column]<div class=\"eltdf-elements-holder   eltdf-two-columns  eltdf-responsive-mode-768  eltdf-eh-uncovering-effect eltdf-eh-uncovering-image-left\" ><div class=\"eltdf-eh-item     \" style=\"background-color: #ff1949;background-image: url(http:\/\/curlingpro.ca\/wp-content\/uploads\/2023\/10\/Photo-2-scaled.jpg)\" data-item-class=\"eltdf-eh-custom-5574\" data-681-768=\"30% 0\" data-680=\"50% 0\">\n\t<div class=\"eltdf-eh-item-inner\">\n\t\t<div class=\"eltdf-eh-item-content eltdf-eh-custom-5574\" >\n\t\t\t\t\t<\/div>\n\t<\/div>\n<\/div><div class=\"eltdf-eh-item     \" style=\"background-color: #ff1949\" data-item-class=\"eltdf-eh-custom-9204\" data-1367-1600=\"115px 17% 143px 20%\" data-1025-1366=\"85px 13% 113px 10%\" data-769-1024=\"95px 6% 123px 8%\" data-681-768=\"135px 18% 163px 22%\" data-680=\"90px 8% 111px 8%\">\n\t<div class=\"eltdf-eh-item-inner\">\n\t\t<div class=\"eltdf-eh-item-content eltdf-eh-custom-9204\" style=\"padding: 135px 19% 155px 20%\">\n\t\t\t[vc_column_text]<\/p>\n<h2><span style=\"color: #ffffff;\"><strong>Programme de partenariat<br \/>\nde club<\/strong> <\/span><\/h2>\n<p>[\/vc_column_text][vc_empty_space height=\u00a0\u00bb24px\u00a0\u00bb][vc_column_text]<\/p>\n<p style=\"color: #fff;\">Si votre club souhaite en savoir plus sur la fa\u00e7on dont les<br \/>\nprofessionnel ACP peuvent am\u00e9liorer le recrutement et la<br \/>\nr\u00e9tention des curleurs,nous vous invitons \u00e0 organiser une<br \/>\nconsultation d\u00e8s aujourd&rsquo;hui.<\/p>\n<p>[\/vc_column_text][vc_empty_space height=\u00a0\u00bb24px\u00a0\u00bb]<a itemprop=\"url\" href=\"\/fr\/nos-clubs\/\" target=\"_self\" style=\"color: #ffffff\" class=\"eltdf-btn eltdf-btn-medium eltdf-btn-simple eltdf-btn-custom-hover-color eltdf-btn-arrow\" data-hover-color=\"#ffffff\" >\n    <span class=\"eltdf-btn-text\">EN SAVOIR PLUS<\/span>\n    <\/a>\t\t<\/div>\n\t<\/div>\n<\/div><\/div>[\/vc_column][\/vc_row][vc_row disable_element=\u00a0\u00bbyes\u00a0\u00bb disable_background_image=\u00a0\u00bb\u00a0\u00bb simple_background_image=\u00a0\u00bb2818&Prime;][vc_column]<div class=\"eltdf-elements-holder   eltdf-two-columns  eltdf-responsive-mode-768  eltdf-eh-uncovering-effect eltdf-eh-uncovering-image-right\" style=\"background-color: #807f67\"><div class=\"eltdf-eh-item  eltdf-vertical-alignment-top   \" style=\"background-color: #807f67\" data-item-class=\"eltdf-eh-custom-7606\" data-1367-1600=\"115px 17% 143px 20%\" data-1025-1366=\"85px 13% 113px 10%\" data-769-1024=\"95px 6% 123px 8%\" data-681-768=\"135px 18% 163px 22%\" data-680=\"90px 8% 111px 8%\">\n\t<div class=\"eltdf-eh-item-inner\">\n\t\t<div class=\"eltdf-eh-item-content eltdf-eh-custom-7606\" style=\"padding: 135px 19% 155px 20%\">\n\t\t\t[vc_column_text]<\/p>\n<h2 style=\"color: #fff;\"><strong>Devenez member APC<\/strong><\/h2>\n<p>[\/vc_column_text][vc_empty_space height=\u00a0\u00bb24px\u00a0\u00bb][vc_column_text]<\/p>\n<p style=\"color: #fff;\">Si vous \u00eates \u00e0 la recherche d\u2019une nouvelle opportunit\u00e9<br \/>\net souhaitez faire une diff\u00e9rence dans le curling au<br \/>\nniveau du club, nous vous invitons \u00e0 organiser une<br \/>\nconsultation d\u00e8s aujourd\u2019hui.<\/p>\n<p>[\/vc_column_text][vc_empty_space height=\u00a0\u00bb24px\u00a0\u00bb]<a itemprop=\"url\" href=\"\/fr\/notre-profession\/\" target=\"_self\" style=\"color: #ffffff\" class=\"eltdf-btn eltdf-btn-medium eltdf-btn-simple eltdf-btn-custom-hover-color eltdf-btn-arrow\" data-hover-color=\"#ffffff\" >\n    <span class=\"eltdf-btn-text\">EN SAVOIR PLUS<\/span>\n    <\/a>\t\t<\/div>\n\t<\/div>\n<\/div><div class=\"eltdf-eh-item     \" style=\"background-image: url(http:\/\/curlingpro.ca\/wp-content\/uploads\/2023\/10\/home.jpg)\" data-item-class=\"eltdf-eh-custom-2794\" data-681-768=\"30% 0\" data-680=\"50% 0\">\n\t<div class=\"eltdf-eh-item-inner\">\n\t\t<div class=\"eltdf-eh-item-content eltdf-eh-custom-2794\" >\n\t\t\t\t\t<\/div>\n\t<\/div>\n<\/div><\/div>[\/vc_column][\/vc_row]<\/p>\n<\/div>","protected":false},"excerpt":{"rendered":"<p>[vc_row][vc_column][rev_slider_vc alias=\u00a0\u00bbprofessor-home-1&Prime; enable_paspartu=\u00a0\u00bbno\u00a0\u00bb][\/vc_column][\/vc_row][vc_row][vc_column][\/vc_column][\/vc_row][vc_row disable_element=\u00a0\u00bbyes\u00a0\u00bb][vc_column][\/vc_column][\/vc_row][vc_row css=\u00a0\u00bb.vc_custom_1698070162286{padding-top: 50px !important;padding-bottom: 0px !important;}\u00a0\u00bb][vc_column offset=\u00a0\u00bbvc_col-md-8&Prime;][\/vc_column][vc_column offset=\u00a0\u00bbvc_col-md-4&Prime;][\/vc_column][\/vc_row][vc_row disable_element=\u00a0\u00bbyes\u00a0\u00bb][vc_column][\/vc_column][\/vc_row][vc_row disable_element=\u00a0\u00bbyes\u00a0\u00bb disable_background_image=\u00a0\u00bb\u00a0\u00bb simple_background_image=\u00a0\u00bb2818&Prime;][vc_column][\/vc_column][\/vc_row]<\/p>\n","protected":false},"author":1,"featured_media":4486,"parent":0,"menu_order":0,"comment_status":"closed","ping_status":"closed","template":"full-width.php","meta":{"_bbp_topic_count":0,"_bbp_reply_count":0,"_bbp_total_topic_count":0,"_bbp_total_reply_count":0,"_bbp_voice_count":0,"_bbp_anonymous_reply_count":0,"_bbp_topic_count_hidden":0,"_bbp_reply_count_hidden":0,"_bbp_forum_subforum_count":0,"footnotes":""},"class_list":["post-4012","page","type-page","status-publish","has-post-thumbnail","hentry"],"yoast_head":"<!-- This site is optimized with the Yoast SEO plugin v27.2 - https:\/\/yoast.com\/product\/yoast-seo-wordpress\/ -->\n<title>Page d&#039;accueil - Curling Pro<\/title>\n<meta name=\"description\" content=\"Les Pros ACP sont des experts du curling qui se consacrent \u00e0 l\u2019avancement de notre sport au niveau des clubs.\" \/>\n<meta name=\"robots\" content=\"index, follow, max-snippet:-1, max-image-preview:large, max-video-preview:-1\" \/>\n<link rel=\"canonical\" href=\"https:\/\/curlingpro.ca\/fr\/\" \/>\n<meta property=\"og:locale\" content=\"fr_FR\" \/>\n<meta property=\"og:type\" content=\"article\" \/>\n<meta property=\"og:title\" content=\"Les Pros ACP sont des experts du curling\" \/>\n<meta property=\"og:description\" content=\"Les Pros ACP sont des experts du curling qui se consacrent \u00e0 l\u2019avancement de notre sport au niveau des clubs.\" \/>\n<meta property=\"og:url\" content=\"https:\/\/curlingpro.ca\/fr\/\" \/>\n<meta property=\"og:site_name\" content=\"Curling Pro\" \/>\n<meta property=\"article:publisher\" content=\"https:\/\/www.facebook.com\/curlingcanada\/\" \/>\n<meta property=\"article:modified_time\" content=\"2025-07-03T18:45:52+00:00\" \/>\n<meta property=\"og:image\" content=\"https:\/\/curlingpro.ca\/wp-content\/uploads\/2023\/09\/home_hero-scaled.jpg\" \/>\n\t<meta property=\"og:image:width\" content=\"2560\" \/>\n\t<meta property=\"og:image:height\" content=\"1598\" \/>\n\t<meta property=\"og:image:type\" content=\"image\/jpeg\" \/>\n<meta name=\"twitter:card\" content=\"summary_large_image\" \/>\n<meta name=\"twitter:label1\" content=\"Dur\u00e9e de lecture estim\u00e9e\" \/>\n\t<meta name=\"twitter:data1\" content=\"3 minutes\" \/>\n<script type=\"application\/ld+json\" class=\"yoast-schema-graph\">{\"@context\":\"https:\/\/schema.org\",\"@graph\":[{\"@type\":\"WebPage\",\"@id\":\"https:\/\/curlingpro.ca\/fr\/\",\"url\":\"https:\/\/curlingpro.ca\/fr\/\",\"name\":\"Page d'accueil - Curling Pro\",\"isPartOf\":{\"@id\":\"https:\/\/curlingpro.ca\/fr\/#website\"},\"primaryImageOfPage\":{\"@id\":\"https:\/\/curlingpro.ca\/fr\/#primaryimage\"},\"image\":{\"@id\":\"https:\/\/curlingpro.ca\/fr\/#primaryimage\"},\"thumbnailUrl\":\"http:\/\/curlingpro.ca\/wp-content\/uploads\/2025\/06\/Website-Hero-062125.png\",\"datePublished\":\"2018-07-03T10:15:41+00:00\",\"dateModified\":\"2025-07-03T18:45:52+00:00\",\"description\":\"Les Pros ACP sont des experts du curling qui se consacrent \u00e0 l\u2019avancement de notre sport au niveau des clubs.\",\"breadcrumb\":{\"@id\":\"https:\/\/curlingpro.ca\/fr\/#breadcrumb\"},\"inLanguage\":\"fr-FR\",\"potentialAction\":[{\"@type\":\"ReadAction\",\"target\":[\"https:\/\/curlingpro.ca\/fr\/\"]}]},{\"@type\":\"ImageObject\",\"inLanguage\":\"fr-FR\",\"@id\":\"https:\/\/curlingpro.ca\/fr\/#primaryimage\",\"url\":\"http:\/\/curlingpro.ca\/wp-content\/uploads\/2025\/06\/Website-Hero-062125.png\",\"contentUrl\":\"http:\/\/curlingpro.ca\/wp-content\/uploads\/2025\/06\/Website-Hero-062125.png\",\"width\":1200,\"height\":628},{\"@type\":\"BreadcrumbList\",\"@id\":\"https:\/\/curlingpro.ca\/fr\/#breadcrumb\",\"itemListElement\":[{\"@type\":\"ListItem\",\"position\":1,\"name\":\"Home\",\"item\":\"https:\/\/curlingpro.ca\/fr\/\"},{\"@type\":\"ListItem\",\"position\":2,\"name\":\"Page d&rsquo;accueil\"}]},{\"@type\":\"WebSite\",\"@id\":\"https:\/\/curlingpro.ca\/fr\/#website\",\"url\":\"https:\/\/curlingpro.ca\/fr\/\",\"name\":\"Curling Pro\",\"description\":\"Experts who are dedicated to advancing our sport\",\"publisher\":{\"@id\":\"https:\/\/curlingpro.ca\/fr\/#organization\"},\"potentialAction\":[{\"@type\":\"SearchAction\",\"target\":{\"@type\":\"EntryPoint\",\"urlTemplate\":\"https:\/\/curlingpro.ca\/fr\/?s={search_term_string}\"},\"query-input\":{\"@type\":\"PropertyValueSpecification\",\"valueRequired\":true,\"valueName\":\"search_term_string\"}}],\"inLanguage\":\"fr-FR\"},{\"@type\":\"Organization\",\"@id\":\"https:\/\/curlingpro.ca\/fr\/#organization\",\"name\":\"Curling Pro\",\"url\":\"https:\/\/curlingpro.ca\/fr\/\",\"logo\":{\"@type\":\"ImageObject\",\"inLanguage\":\"fr-FR\",\"@id\":\"https:\/\/curlingpro.ca\/fr\/#\/schema\/logo\/image\/\",\"url\":\"https:\/\/curlingpro.ca\/wp-content\/uploads\/2023\/10\/CC-ACP-FRENCH-logo-keyline-23.png\",\"contentUrl\":\"https:\/\/curlingpro.ca\/wp-content\/uploads\/2023\/10\/CC-ACP-FRENCH-logo-keyline-23.png\",\"width\":1000,\"height\":1000,\"caption\":\"Curling Pro\"},\"image\":{\"@id\":\"https:\/\/curlingpro.ca\/fr\/#\/schema\/logo\/image\/\"},\"sameAs\":[\"https:\/\/www.facebook.com\/curlingcanada\/\",\"https:\/\/www.youtube.com\/curlingcanada\",\"https:\/\/www.instagram.com\/curlingcanada\/\"]}]}<\/script>\n<!-- \/ Yoast SEO plugin. -->","yoast_head_json":{"title":"Page d'accueil - Curling Pro","description":"Les Pros ACP sont des experts du curling qui se consacrent \u00e0 l\u2019avancement de notre sport au niveau des clubs.","robots":{"index":"index","follow":"follow","max-snippet":"max-snippet:-1","max-image-preview":"max-image-preview:large","max-video-preview":"max-video-preview:-1"},"canonical":"https:\/\/curlingpro.ca\/fr\/","og_locale":"fr_FR","og_type":"article","og_title":"Les Pros ACP sont des experts du curling","og_description":"Les Pros ACP sont des experts du curling qui se consacrent \u00e0 l\u2019avancement de notre sport au niveau des clubs.","og_url":"https:\/\/curlingpro.ca\/fr\/","og_site_name":"Curling Pro","article_publisher":"https:\/\/www.facebook.com\/curlingcanada\/","article_modified_time":"2025-07-03T18:45:52+00:00","og_image":[{"width":2560,"height":1598,"url":"https:\/\/curlingpro.ca\/wp-content\/uploads\/2023\/09\/home_hero-scaled.jpg","type":"image\/jpeg"}],"twitter_card":"summary_large_image","twitter_misc":{"Dur\u00e9e de lecture estim\u00e9e":"3 minutes"},"schema":{"@context":"https:\/\/schema.org","@graph":[{"@type":"WebPage","@id":"https:\/\/curlingpro.ca\/fr\/","url":"https:\/\/curlingpro.ca\/fr\/","name":"Page d'accueil - Curling Pro","isPartOf":{"@id":"https:\/\/curlingpro.ca\/fr\/#website"},"primaryImageOfPage":{"@id":"https:\/\/curlingpro.ca\/fr\/#primaryimage"},"image":{"@id":"https:\/\/curlingpro.ca\/fr\/#primaryimage"},"thumbnailUrl":"http:\/\/curlingpro.ca\/wp-content\/uploads\/2025\/06\/Website-Hero-062125.png","datePublished":"2018-07-03T10:15:41+00:00","dateModified":"2025-07-03T18:45:52+00:00","description":"Les Pros ACP sont des experts du curling qui se consacrent \u00e0 l\u2019avancement de notre sport au niveau des clubs.","breadcrumb":{"@id":"https:\/\/curlingpro.ca\/fr\/#breadcrumb"},"inLanguage":"fr-FR","potentialAction":[{"@type":"ReadAction","target":["https:\/\/curlingpro.ca\/fr\/"]}]},{"@type":"ImageObject","inLanguage":"fr-FR","@id":"https:\/\/curlingpro.ca\/fr\/#primaryimage","url":"http:\/\/curlingpro.ca\/wp-content\/uploads\/2025\/06\/Website-Hero-062125.png","contentUrl":"http:\/\/curlingpro.ca\/wp-content\/uploads\/2025\/06\/Website-Hero-062125.png","width":1200,"height":628},{"@type":"BreadcrumbList","@id":"https:\/\/curlingpro.ca\/fr\/#breadcrumb","itemListElement":[{"@type":"ListItem","position":1,"name":"Home","item":"https:\/\/curlingpro.ca\/fr\/"},{"@type":"ListItem","position":2,"name":"Page d&rsquo;accueil"}]},{"@type":"WebSite","@id":"https:\/\/curlingpro.ca\/fr\/#website","url":"https:\/\/curlingpro.ca\/fr\/","name":"Curling Pro","description":"Experts who are dedicated to advancing our sport","publisher":{"@id":"https:\/\/curlingpro.ca\/fr\/#organization"},"potentialAction":[{"@type":"SearchAction","target":{"@type":"EntryPoint","urlTemplate":"https:\/\/curlingpro.ca\/fr\/?s={search_term_string}"},"query-input":{"@type":"PropertyValueSpecification","valueRequired":true,"valueName":"search_term_string"}}],"inLanguage":"fr-FR"},{"@type":"Organization","@id":"https:\/\/curlingpro.ca\/fr\/#organization","name":"Curling Pro","url":"https:\/\/curlingpro.ca\/fr\/","logo":{"@type":"ImageObject","inLanguage":"fr-FR","@id":"https:\/\/curlingpro.ca\/fr\/#\/schema\/logo\/image\/","url":"https:\/\/curlingpro.ca\/wp-content\/uploads\/2023\/10\/CC-ACP-FRENCH-logo-keyline-23.png","contentUrl":"https:\/\/curlingpro.ca\/wp-content\/uploads\/2023\/10\/CC-ACP-FRENCH-logo-keyline-23.png","width":1000,"height":1000,"caption":"Curling Pro"},"image":{"@id":"https:\/\/curlingpro.ca\/fr\/#\/schema\/logo\/image\/"},"sameAs":["https:\/\/www.facebook.com\/curlingcanada\/","https:\/\/www.youtube.com\/curlingcanada","https:\/\/www.instagram.com\/curlingcanada\/"]}]}},"_links":{"self":[{"href":"http:\/\/curlingpro.ca\/fr\/wp-json\/wp\/v2\/pages\/4012","targetHints":{"allow":["GET"]}}],"collection":[{"href":"http:\/\/curlingpro.ca\/fr\/wp-json\/wp\/v2\/pages"}],"about":[{"href":"http:\/\/curlingpro.ca\/fr\/wp-json\/wp\/v2\/types\/page"}],"author":[{"embeddable":true,"href":"http:\/\/curlingpro.ca\/fr\/wp-json\/wp\/v2\/users\/1"}],"replies":[{"embeddable":true,"href":"http:\/\/curlingpro.ca\/fr\/wp-json\/wp\/v2\/comments?post=4012"}],"version-history":[{"count":5,"href":"http:\/\/curlingpro.ca\/fr\/wp-json\/wp\/v2\/pages\/4012\/revisions"}],"predecessor-version":[{"id":4550,"href":"http:\/\/curlingpro.ca\/fr\/wp-json\/wp\/v2\/pages\/4012\/revisions\/4550"}],"wp:featuredmedia":[{"embeddable":true,"href":"http:\/\/curlingpro.ca\/fr\/wp-json\/wp\/v2\/media\/4486"}],"wp:attachment":[{"href":"http:\/\/curlingpro.ca\/fr\/wp-json\/wp\/v2\/media?parent=4012"}],"curies":[{"name":"wp","href":"https:\/\/api.w.org\/{rel}","templated":true}]}}